{"id":1984,"date":"2019-09-01T22:54:34","date_gmt":"2019-09-01T22:54:34","guid":{"rendered":"https:\/\/avastar.ro\/en\/?page_id=1984"},"modified":"2024-04-10T09:00:06","modified_gmt":"2024-04-10T09:00:06","slug":"data-protection","status":"publish","type":"page","link":"https:\/\/avastar.ro\/en\/data-protection\/","title":{"rendered":"Data protection"},"content":{"rendered":"\t\t<div data-elementor-type=\"wp-post\" data-elementor-id=\"1984\" class=\"elementor elementor-1984\">\n\t\t\t\t\t\t<section class=\"elementor-section elementor-top-section elementor-element elementor-element-10b3474 elementor-section-boxed elementor-section-height-default elementor-section-height-default\" data-id=\"10b3474\" data-element_type=\"section\">\n\t\t\t\t\t\t<div class=\"elementor-container elementor-column-gap-default\">\n\t\t\t\t\t<div class=\"elementor-column elementor-col-100 elementor-top-column elementor-element elementor-element-988c61c elementor-invisible\" data-id=\"988c61c\" data-element_type=\"column\" data-settings=\"{&quot;animation&quot;:&quot;fadeIn&quot;,&quot;animation_delay&quot;:200}\">\n\t\t\t<div class=\"elementor-widget-wrap elementor-element-populated\">\n\t\t\t\t\t\t<div class=\"elementor-element elementor-element-9cdd897 elementor-widget elementor-widget-text-editor\" data-id=\"9cdd897\" data-element_type=\"widget\" data-widget_type=\"text-editor.default\">\n\t\t\t\t<div class=\"elementor-widget-container\">\n\t\t\t\t\t\t\t\t\t<p>Urmatoarea informare este conceputa pentru a va aduce la cunostinta aspectele cu privire la prelucrarea datelor dvs. personale si la drepturile dvs. privind aceasta prelucrare in conformitate cu Regulamentul general 2016\/679 privind protectia datelor (\u201cGDPR\u201d) si legislatia nationala in vigoare.<\/p><p>Folosirea acestui site (vizitarea sau cererea de oferte), implica acceptarea unor termeni si conditii.<\/p><p>Societatea AVA STAR SRL reprezenta operatorul \u00een conformitate cu G.D.P.R.<\/p><p>Datele de contact ale responsabilului Societatii cu protectia datelor sunt e-mail: office@avastar.ro, telefon (+040) 232 719 539<\/p><p><strong>Declaratie de Consimtamant cu privire la prelucrarea datelor personale.<\/strong><br \/><strong><br \/>Sunt de acord ca:<\/strong><br \/>\u2013 prin bifarea \u201eTermeni \u0219i condi\u021bii\u201d la Cererea de ofert\u0103 din formularul on-line,<br \/>\u2013 prin bifarea \u201eTermeni \u0219i condi\u021bii\u201d din formularul on-line pentru abonare pentru Abonare Newsletter,<br \/>\u2013 sau prin acceptare cookies,<\/p><p>Societatea AVA STAR SRL (\u201eSocietatea\u201d) cu sediul in Strada 1 Mai, nr. 72, 705200, ora\u0219 Pa\u0219cani, jud. Ia\u0219i, Rom\u00e2nia, \u00eenregistrata la Oficiul National al Registrului Comertului sub nr. J22\/2589\/1994, av\u00e2nd CUI RO 6500293 sa fie autorizata sa proceseze datele mele personale: nume, prenume, adresa de e-mail, nr. de telefon, Pe langa aceste informatii cu caracter personal, care ma pot identifica in mod direct, sunt de acord sa se colecteze si informatii ce nu ma pot identifica personal \u2013 informatii care se refera, de regula, la computerul sau dispozitivul mobil de pe care accesez serviciile www.avastar.ro. Aceste informatii pot include, printre altele, adresa IP, informatii despre conexiunea la Internet,<\/p><p>in urmatoarele conditii:<\/p><ol><li><strong>Scopul prelucrarii<\/strong><br \/>Societatea prelucreaza datele dvs. cu caracter personal in urmatoarele scopuri:<br \/>in scopul furnizarii de produse \/ prestarii de servicii;<br \/>\u2022\u00a0\u00a0\u00a0 in vederea indeplinirii obligatiilor legale ale Societatii;<br \/>\u2022\u00a0\u00a0\u00a0 in scopul urmaririi intereselor legitime ale Societatii;<br \/>in urmatoarele scopuri:<br \/>\u2022\u00a0\u00a0\u00a0 Furnizarea de informatii cu privire la oferte comerciale<br \/>\u2022\u00a0\u00a0\u00a0 Participarea la sondaje de opinie cu privire la produsele si serviciile Societatii referitor la gradul de multumire a clientilor<\/li><li><strong>Temeiul juridic al prelucrarii<\/strong><br \/>Baza legala pentru colectarea si procesarea datelor dumneavoastra pentru fiecare din scopurile mentionate mai sus este:<br \/>contractul de furnizare sau prestari servicii la care dumneavoastra sunteti parte sau cererea dumneavoastra inainte de incheierea unui contract;<br \/>\u2022\u00a0\u00a0\u00a0 indeplinirea unei obligatii legale;<br \/>\u2022\u00a0\u00a0\u00a0 interesul legitim al Societatii pentru a ne permite exercitarea drepturilor prevazute de lege in favoarea noastra, pentru a actiona in justitie contra oricerei activitati ilegale sau care prejudiciaza Societatea, in plus, \u00een masura \u00een care ati fost de acord, consimtamantul dumneavoastra. Prelucrarea datelor cu caracter personal \u00een baza consimtamantului reprezinta un scop aditional prelucrarii datelor personale \u00een vederea executarii contractului la care sunteti parte si nu conditioneaza furnizarea\/prestarea serviciilor contractuale.<\/li><li><strong>Categoriile de destinatari catre care se pot divulga datele personale colectate:<\/strong><br \/>Pentru a atinge scopurile mai sus prevazute, utilizam urmatoarele categorii de furnizori de produse si servicii\/ imputerniciti :<br \/>furnizorii implicati in mod direct\/indirect in furnizarea produselor si prestarea serviciilor din domeniul auto (importatorii de autovehicule, prestatorii de servicii de asistenta rutiera, prestatorii de servicii de garantie extinsa, prestatorii de servicii de tip call center);<br \/>\u2022\u00a0\u00a0\u00a0 autoritatile statului (inclusiv autoritati fiscale);<br \/>\u2022\u00a0\u00a0\u00a0 contabili, auditori, experti judiciari, avocati sau alti asemenea consilieri externi ai Societatii sau catre terte persoane care furnizeaza produse si servicii companiei (furnizorii de servicii de paza, de sisteme IT, consultanti financiari)<br \/>\u2022\u00a0\u00a0\u00a0 furnizorii Societatii implicati in mod direct\/indirect in procesul de marketing si promovare.<\/li><li><strong>Durata pastrarii<\/strong><br \/>Datele Dumneavoastra personale vor fi pastrate de Societate pentru o perioada care nu depaseste perioada necesara pentru a atinge scopurile descrise mai sus si\/sau pentru orice alta durata necesara \u00een virtutea obligatiilor legale aplicabile Societatii.<\/li><li><strong>Drepturile dumneavoastra<\/strong><br \/>Regulamentul confera persoanelor carora li se prelucreaza date personale o serie de drepturi. Astfel, pe l\u00e2nga drepturile existente \u00een prezent, regasim si dreptul la portabilitatea datelor si pe cel de stergere a datelor. Pe scurt, drepturile pe care le aveti:<\/li><\/ol><p>Dreptul de a retrage oric\u00e2nd un consimtam\u00e2nt dat \u00een vederea opririi unei prelucrari a datelor care se bazeaza pe consimtam\u00e2ntul dvs. Retragerea nu va afecta legalitatea prelucrarii pe baza consimtam\u00e2ntului acordat \u00eenainte de retragere, pentru executarea unui contract, in vederea indeplinirii unei obligatii legale sau in scopul urmaririi intereselor noastre legitime.<\/p><p>Dreptul de acces \u2013 \u00eenseamna ca aveti dreptul de a obtine o confirmare din partea noastra ca prelucram sau nu datele cu caracter personal care va privesc si, \u00een caz afirmativ, aveti acces la datele respective si la informatiile privind modalitatea \u00een care sunt prelucrate aceste date.<\/p><p>Dreptul la portabilitatea datelor \u2013 se refera la dreptul de a primi datele personale \u00eentr-un format structurat, utilizat \u00een mod curent de catre noi si care poate fi citit automat, dar si la dreptul ca aceste date sa fie transmise direct altui operator, daca acest lucru este fezabil din punct de vedere tehnic.<\/p><p>Dreptul la opozitie \u2013 vizeaza dreptul dumneavoastra de a va opune prelucrarii datelor personale atunci c\u00e2nd prelucrarea este necesara pentru \u00eendeplinirea unei sarcini care serveste unui interes public sau c\u00e2nd are \u00een vedere un interes legitim al operatorului. Atunci c\u00e2nd prelucrarea datelor cu caracter personal are drept scop marketingul direct sau prelucrari efectuate \u00een baza consimtam\u00e2ntului expres, aveti dreptul de a va opune prelucrarii \u00een orice moment.<\/p><p>Dreptul la rectificare \u2013 se refera la corectarea, fara \u00eent\u00e2rzieri nejustificate, a datelor cu caracter personal inexacte. Rectificarea va fi comunicata fiecarui destinatar la care au fost transmise datele, cu exceptia cazului \u00een care acest lucru se dovedeste imposibil sau presupune eforturi disproportionate.<\/p><p>Dreptul la stergerea datelor (\u201cdreptul de a fi uitat\u201d) \u2013 \u00eenseamna ca aveti dreptul de a solicita stergerea datelor cu caracter personal, fara \u00eent\u00e2rzieri nejustificate, \u00een cazul \u00een care se aplica unul dintre urmatoarele motive: acestea nu mai sunt necesare pentru \u00eendeplinirea scopurilor pentru care au fost colectate sau prelucrate; va retrageti consimtam\u00e2ntul si nu exista niciun alt temei juridic pentru prelucrare; va opuneti prelucrarii si nu exista alte motive legitime care sa prevaleze; datele cu caracter personal au fost prelucrate ilegal; datele cu caracter personal trebuie sterse pentru respectarea unei obligatii legale; datele cu caracter personal au fost colectate \u00een legatura cu oferirea de servicii ale societatii informationale.<\/p><p>Dreptul la restrictionarea prelucrarii \u2013 poate fi exercitat \u00een cazul \u00een care persoana contesta exactitatea datelor, pe o perioada necesara verificarii corectitudinii datelor; prelucrarea este ilegala, iar dumneavoastra va opuneti stergerii datelor cu caracter personal, solicit\u00e2nd \u00een schimb restrictionarea; \u00een cazul \u00een care Societatea M.C.H. PROD SRL. nu mai are nevoie de datele cu caracter personal \u00een scopul prelucrarii, dar persoana i le solicita pentru constatarea, exercitarea sau apararea unui drept \u00een instanta; \u00een cazul \u00een care persoana s-a opus prelucrarii pentru intervalul de timp \u00een care se verifica daca drepturile legitime ale operatorului prevaleaza asupra celor ale persoanei respective.<\/p><p>Dreptul de a depune o plangere \u2013 pl\u00e2ngeri referitoare la prelucrarea datelor personale pot fi adresate Autoritatii Nationale de Supraveghere a Prelucrarii Datelor cu Caracter Personal. Pentru exercitarea acestor drepturi, precum si pentru orice intrebari suplimentare cu privire la aceasta informare sau in legatura cu utilizarea de catre Societate a datelor personale, va rugam sa contactati ofiterul nostru pentru protectia datelor, alegand oricare din modalitatile de comunicare descrise mai jos.<\/p><p><strong>Ne puteti contacta:<\/strong><br \/>\u2022\u00a0\u00a0\u00a0 Prin email \u2013 la adresa: office@avastar.ro<br \/>\u2022\u00a0\u00a0\u00a0 Personal sau printr-o cerere trimisa prin posta \u2013 la Strada 1 Mai, nr. 72, 705200, ora\u0219 Pa\u0219cani, jud. Ia\u0219i, Rom\u00e2nia;<br \/>\u2022\u00a0\u00a0\u00a0 Telefonic \u2013 la numarul: (+040) 232 719 539<\/p>\t\t\t\t\t\t\t\t<\/div>\n\t\t\t\t<\/div>\n\t\t\t\t\t<\/div>\n\t\t<\/div>\n\t\t\t\t\t<\/div>\n\t\t<\/section>\n\t\t\t\t<\/div>\n\t\t","protected":false},"excerpt":{"rendered":"<p>Urmatoarea informare este conceputa pentru a va aduce la cunostinta aspectele cu privire la prelucrarea datelor dvs. personale si la drepturile dvs. privind aceasta prelucrare in conformitate cu Regulamentul general 2016\/679 privind protectia datelor (\u201cGDPR\u201d) si legislatia nationala in vigoare. Folosirea acestui site (vizitarea sau cererea de oferte), implica acceptarea unor termeni si conditii. Societatea [&hellip;]<\/p>\n","protected":false},"author":2,"featured_media":0,"parent":0,"menu_order":0,"comment_status":"closed","ping_status":"closed","template":"elementor_header_footer","meta":{"footnotes":""},"class_list":["post-1984","page","type-page","status-publish","hentry"],"yoast_head":"<!-- This site is optimized with the Yoast SEO plugin v26.1 - https:\/\/yoast.com\/wordpress\/plugins\/seo\/ -->\n<title>Data protection - Avastar<\/title>\n<meta name=\"robots\" content=\"index, follow, max-snippet:-1, max-image-preview:large, max-video-preview:-1\" \/>\n<link rel=\"canonical\" href=\"https:\/\/avastar.ro\/en\/data-protection\/\" \/>\n<meta property=\"og:locale\" content=\"ro_RO\" \/>\n<meta property=\"og:type\" content=\"article\" \/>\n<meta property=\"og:title\" content=\"Data protection - Avastar\" \/>\n<meta property=\"og:description\" content=\"Urmatoarea informare este conceputa pentru a va aduce la cunostinta aspectele cu privire la prelucrarea datelor dvs. personale si la drepturile dvs. privind aceasta prelucrare in conformitate cu Regulamentul general 2016\/679 privind protectia datelor (\u201cGDPR\u201d) si legislatia nationala in vigoare. Folosirea acestui site (vizitarea sau cererea de oferte), implica acceptarea unor termeni si conditii. Societatea [&hellip;]\" \/>\n<meta property=\"og:url\" content=\"https:\/\/avastar.ro\/en\/data-protection\/\" \/>\n<meta property=\"og:site_name\" content=\"Avastar\" \/>\n<meta property=\"article:modified_time\" content=\"2024-04-10T09:00:06+00:00\" \/>\n<meta name=\"twitter:card\" content=\"summary_large_image\" \/>\n<meta name=\"twitter:label1\" content=\"Timp estimat pentru citire\" \/>\n\t<meta name=\"twitter:data1\" content=\"7 minute\" \/>\n<script type=\"application\/ld+json\" class=\"yoast-schema-graph\">{\"@context\":\"https:\/\/schema.org\",\"@graph\":[{\"@type\":\"WebPage\",\"@id\":\"https:\/\/avastar.ro\/en\/data-protection\/\",\"url\":\"https:\/\/avastar.ro\/en\/data-protection\/\",\"name\":\"Data protection - Avastar\",\"isPartOf\":{\"@id\":\"https:\/\/avastar.ro\/en\/#website\"},\"datePublished\":\"2019-09-01T22:54:34+00:00\",\"dateModified\":\"2024-04-10T09:00:06+00:00\",\"breadcrumb\":{\"@id\":\"https:\/\/avastar.ro\/en\/data-protection\/#breadcrumb\"},\"inLanguage\":\"ro-RO\",\"potentialAction\":[{\"@type\":\"ReadAction\",\"target\":[\"https:\/\/avastar.ro\/en\/data-protection\/\"]}]},{\"@type\":\"BreadcrumbList\",\"@id\":\"https:\/\/avastar.ro\/en\/data-protection\/#breadcrumb\",\"itemListElement\":[{\"@type\":\"ListItem\",\"position\":1,\"name\":\"Home\",\"item\":\"https:\/\/avastar.ro\/en\/\"},{\"@type\":\"ListItem\",\"position\":2,\"name\":\"Data protection\"}]},{\"@type\":\"WebSite\",\"@id\":\"https:\/\/avastar.ro\/en\/#website\",\"url\":\"https:\/\/avastar.ro\/en\/\",\"name\":\"AMN Design\",\"description\":\"\",\"potentialAction\":[{\"@type\":\"SearchAction\",\"target\":{\"@type\":\"EntryPoint\",\"urlTemplate\":\"https:\/\/avastar.ro\/en\/?s={search_term_string}\"},\"query-input\":{\"@type\":\"PropertyValueSpecification\",\"valueRequired\":true,\"valueName\":\"search_term_string\"}}],\"inLanguage\":\"ro-RO\"}]}<\/script>\n<!-- \/ Yoast SEO plugin. -->","yoast_head_json":{"title":"Data protection - Avastar","robots":{"index":"index","follow":"follow","max-snippet":"max-snippet:-1","max-image-preview":"max-image-preview:large","max-video-preview":"max-video-preview:-1"},"canonical":"https:\/\/avastar.ro\/en\/data-protection\/","og_locale":"ro_RO","og_type":"article","og_title":"Data protection - Avastar","og_description":"Urmatoarea informare este conceputa pentru a va aduce la cunostinta aspectele cu privire la prelucrarea datelor dvs. personale si la drepturile dvs. privind aceasta prelucrare in conformitate cu Regulamentul general 2016\/679 privind protectia datelor (\u201cGDPR\u201d) si legislatia nationala in vigoare. Folosirea acestui site (vizitarea sau cererea de oferte), implica acceptarea unor termeni si conditii. Societatea [&hellip;]","og_url":"https:\/\/avastar.ro\/en\/data-protection\/","og_site_name":"Avastar","article_modified_time":"2024-04-10T09:00:06+00:00","twitter_card":"summary_large_image","twitter_misc":{"Timp estimat pentru citire":"7 minute"},"schema":{"@context":"https:\/\/schema.org","@graph":[{"@type":"WebPage","@id":"https:\/\/avastar.ro\/en\/data-protection\/","url":"https:\/\/avastar.ro\/en\/data-protection\/","name":"Data protection - Avastar","isPartOf":{"@id":"https:\/\/avastar.ro\/en\/#website"},"datePublished":"2019-09-01T22:54:34+00:00","dateModified":"2024-04-10T09:00:06+00:00","breadcrumb":{"@id":"https:\/\/avastar.ro\/en\/data-protection\/#breadcrumb"},"inLanguage":"ro-RO","potentialAction":[{"@type":"ReadAction","target":["https:\/\/avastar.ro\/en\/data-protection\/"]}]},{"@type":"BreadcrumbList","@id":"https:\/\/avastar.ro\/en\/data-protection\/#breadcrumb","itemListElement":[{"@type":"ListItem","position":1,"name":"Home","item":"https:\/\/avastar.ro\/en\/"},{"@type":"ListItem","position":2,"name":"Data protection"}]},{"@type":"WebSite","@id":"https:\/\/avastar.ro\/en\/#website","url":"https:\/\/avastar.ro\/en\/","name":"AMN Design","description":"","potentialAction":[{"@type":"SearchAction","target":{"@type":"EntryPoint","urlTemplate":"https:\/\/avastar.ro\/en\/?s={search_term_string}"},"query-input":{"@type":"PropertyValueSpecification","valueRequired":true,"valueName":"search_term_string"}}],"inLanguage":"ro-RO"}]}},"_links":{"self":[{"href":"https:\/\/avastar.ro\/en\/wp-json\/wp\/v2\/pages\/1984","targetHints":{"allow":["GET"]}}],"collection":[{"href":"https:\/\/avastar.ro\/en\/wp-json\/wp\/v2\/pages"}],"about":[{"href":"https:\/\/avastar.ro\/en\/wp-json\/wp\/v2\/types\/page"}],"author":[{"embeddable":true,"href":"https:\/\/avastar.ro\/en\/wp-json\/wp\/v2\/users\/2"}],"replies":[{"embeddable":true,"href":"https:\/\/avastar.ro\/en\/wp-json\/wp\/v2\/comments?post=1984"}],"version-history":[{"count":12,"href":"https:\/\/avastar.ro\/en\/wp-json\/wp\/v2\/pages\/1984\/revisions"}],"predecessor-version":[{"id":5702,"href":"https:\/\/avastar.ro\/en\/wp-json\/wp\/v2\/pages\/1984\/revisions\/5702"}],"wp:attachment":[{"href":"https:\/\/avastar.ro\/en\/wp-json\/wp\/v2\/media?parent=1984"}],"curies":[{"name":"wp","href":"https:\/\/api.w.org\/{rel}","templated":true}]}}